{"id":396,"date":"2016-11-01T20:58:49","date_gmt":"2016-11-01T20:58:49","guid":{"rendered":"https:\/\/oceanwp.org\/store\/?page_id=396"},"modified":"2025-01-27T15:53:02","modified_gmt":"2025-01-27T20:53:02","slug":"home","status":"publish","type":"page","link":"https:\/\/cotelcobogota.com\/alojate-bogota-cundinamarca\/","title":{"rendered":"Home"},"content":{"rendered":"\t\t<div data-elementor-type=\"wp-post\" data-elementor-id=\"396\" class=\"elementor elementor-396\" data-elementor-settings=\"{&quot;ha_cmc_init_switcher&quot;:&quot;no&quot;}\">\n\t\t\t\t\t\t<section class=\"elementor-section elementor-top-section elementor-element elementor-element-z6uj8ys elementor-section-height-min-height elementor-section-full_width elementor-section-height-default elementor-section-items-middle\" data-id=\"z6uj8ys\" data-element_type=\"section\" data-e-type=\"section\" data-settings=\"{&quot;background_background&quot;:&quot;classic&quot;,&quot;_ha_eqh_enable&quot;:false}\">\n\t\t\t\t\t\t<div class=\"elementor-container elementor-column-gap-default\">\n\t\t\t\t\t<div class=\"elementor-column elementor-col-100 elementor-top-column elementor-element elementor-element-ix6xr75\" data-id=\"ix6xr75\" data-element_type=\"column\" data-e-type=\"column\">\n\t\t\t<div class=\"elementor-widget-wrap elementor-element-populated\">\n\t\t\t\t\t\t<div class=\"elementor-element elementor-element-d92edf0 elementor-widget elementor-widget-image\" data-id=\"d92edf0\" data-element_type=\"widget\" data-e-type=\"widget\" data-widget_type=\"image.default\">\n\t\t\t\t<div class=\"elementor-widget-container\">\n\t\t\t\t\t\t\t\t\t\t\t\t\t\t\t<img fetchpriority=\"high\" decoding=\"async\" width=\"1920\" height=\"400\" src=\"https:\/\/cotelcobogota.com\/alojate-bogota-cundinamarca\/wp-content\/uploads\/2024\/08\/BannerAlojate1.jpg\" class=\"attachment-full size-full wp-image-4237\" alt=\"\" srcset=\"https:\/\/cotelcobogota.com\/alojate-bogota-cundinamarca\/wp-content\/uploads\/2024\/08\/BannerAlojate1.jpg 1920w, https:\/\/cotelcobogota.com\/alojate-bogota-cundinamarca\/wp-content\/uploads\/2024\/08\/BannerAlojate1-400x83.jpg 400w, https:\/\/cotelcobogota.com\/alojate-bogota-cundinamarca\/wp-content\/uploads\/2024\/08\/BannerAlojate1-300x63.jpg 300w, https:\/\/cotelcobogota.com\/alojate-bogota-cundinamarca\/wp-content\/uploads\/2024\/08\/BannerAlojate1-1024x213.jpg 1024w, https:\/\/cotelcobogota.com\/alojate-bogota-cundinamarca\/wp-content\/uploads\/2024\/08\/BannerAlojate1-768x160.jpg 768w, https:\/\/cotelcobogota.com\/alojate-bogota-cundinamarca\/wp-content\/uploads\/2024\/08\/BannerAlojate1-1536x320.jpg 1536w\" sizes=\"(max-width: 1920px) 100vw, 1920px\" \/>\t\t\t\t\t\t\t\t\t\t\t\t\t\t\t<\/div>\n\t\t\t\t<\/div>\n\t\t\t\t\t<\/div>\n\t\t<\/div>\n\t\t\t\t\t<\/div>\n\t\t<\/section>\n\t\t<div class=\"elementor-element elementor-element-026ef29 e-con-full e-flex e-con e-parent\" data-id=\"026ef29\" data-element_type=\"container\" data-e-type=\"container\" data-settings=\"{&quot;_ha_eqh_enable&quot;:&quot;yes&quot;,&quot;_ha_eqh_to&quot;:&quot;widget&quot;,&quot;_ha_eqh_disable_on_tablet&quot;:&quot;no&quot;,&quot;_ha_eqh_disable_on_mobile&quot;:&quot;yes&quot;}\">\n\t\t<div class=\"elementor-element elementor-element-b9064f5 e-con-full e-flex e-con e-child\" data-id=\"b9064f5\" data-element_type=\"container\" data-e-type=\"container\" data-settings=\"{&quot;_ha_eqh_enable&quot;:false}\">\n\t\t\t\t<div data-ha-element-link=\"{&quot;url&quot;:&quot;https:\\\/\\\/cotelcobogota.com\\\/alojate-bogota-cundinamarca\\\/bogota&quot;,&quot;is_external&quot;:&quot;&quot;,&quot;nofollow&quot;:&quot;&quot;}\" style=\"cursor: pointer\" class=\"elementor-element elementor-element-61c2d23 ha-card--top ha-card--tablet-top ha-card--mobile-top elementor-widget elementor-widget-ha-card happy-addon ha-card\" data-id=\"61c2d23\" data-element_type=\"widget\" data-e-type=\"widget\" data-widget_type=\"ha-card.default\">\n\t\t\t\t<div class=\"elementor-widget-container\">\n\t\t\t\t\t\n\t\t\t\t\t<figure class=\"ha-card-figure\">\n\t\t\t\t<img decoding=\"async\" width=\"630\" height=\"350\" src=\"https:\/\/cotelcobogota.com\/alojate-bogota-cundinamarca\/wp-content\/uploads\/2024\/06\/FotoBta.jpg\" class=\"elementor-animation-float attachment-full size-full wp-image-3122\" alt=\"\" srcset=\"https:\/\/cotelcobogota.com\/alojate-bogota-cundinamarca\/wp-content\/uploads\/2024\/06\/FotoBta.jpg 630w, https:\/\/cotelcobogota.com\/alojate-bogota-cundinamarca\/wp-content\/uploads\/2024\/06\/FotoBta-400x222.jpg 400w, https:\/\/cotelcobogota.com\/alojate-bogota-cundinamarca\/wp-content\/uploads\/2024\/06\/FotoBta-300x167.jpg 300w\" sizes=\"(max-width: 630px) 100vw, 630px\" \/>\t\t\t\t\t\t\t\t\t<div class=\"ha-badge ha-badge--top-right\">95 Hoteles<\/div>\n\t\t\t\t\t\t\t<\/figure>\n\t\t\n\t\t<div class=\"ha-card-body\">\n\n\t\t\t<h2 class=\"ha-card-title\">BOGOT\u00c1 <\/h2>\n\t\t\t\n\t\t\t<a class=\"ha-btn\" href=\"https:\/\/cotelcobogota.com\/alojate-bogota-cundinamarca\/bogota\"><span class=\"ha-btn-text\">Con\u00f3celos <\/span><\/a>\t\t<\/div>\n\t\t\t\t\t\t<\/div>\n\t\t\t\t<\/div>\n\t\t\t\t<\/div>\n\t\t<div class=\"elementor-element elementor-element-97d456d e-con-full e-flex e-con e-child\" data-id=\"97d456d\" data-element_type=\"container\" data-e-type=\"container\" data-settings=\"{&quot;_ha_eqh_enable&quot;:false}\">\n\t\t\t\t<div data-ha-element-link=\"{&quot;url&quot;:&quot;https:\\\/\\\/cotelcobogota.com\\\/alojate-bogota-cundinamarca\\\/cundinamarca&quot;,&quot;is_external&quot;:&quot;&quot;,&quot;nofollow&quot;:&quot;&quot;}\" style=\"cursor: pointer\" class=\"elementor-element elementor-element-92e160e ha-card--top ha-card--tablet-top ha-card--mobile-top elementor-widget elementor-widget-ha-card happy-addon ha-card\" data-id=\"92e160e\" data-element_type=\"widget\" data-e-type=\"widget\" data-widget_type=\"ha-card.default\">\n\t\t\t\t<div class=\"elementor-widget-container\">\n\t\t\t\t\t\n\t\t\t\t\t<figure class=\"ha-card-figure\">\n\t\t\t\t<img decoding=\"async\" width=\"630\" height=\"350\" src=\"https:\/\/cotelcobogota.com\/alojate-bogota-cundinamarca\/wp-content\/uploads\/2024\/06\/FotoCundi.jpg\" class=\"elementor-animation-float attachment-full size-full wp-image-3123\" alt=\"\" srcset=\"https:\/\/cotelcobogota.com\/alojate-bogota-cundinamarca\/wp-content\/uploads\/2024\/06\/FotoCundi.jpg 630w, https:\/\/cotelcobogota.com\/alojate-bogota-cundinamarca\/wp-content\/uploads\/2024\/06\/FotoCundi-400x222.jpg 400w, https:\/\/cotelcobogota.com\/alojate-bogota-cundinamarca\/wp-content\/uploads\/2024\/06\/FotoCundi-300x167.jpg 300w\" sizes=\"(max-width: 630px) 100vw, 630px\" \/>\t\t\t\t\t\t\t\t\t<div class=\"ha-badge ha-badge--top-left\">30 Hoteles<\/div>\n\t\t\t\t\t\t\t<\/figure>\n\t\t\n\t\t<div class=\"ha-card-body\">\n\n\t\t\t<h2 class=\"ha-card-title\">CUNDINAMARCA<\/h2>\n\t\t\t\n\t\t\t<a class=\"ha-btn\" href=\"https:\/\/cotelcobogota.com\/alojate-bogota-cundinamarca\/cundinamarca\"><span class=\"ha-btn-text\">Con\u00f3celos <\/span><\/a>\t\t<\/div>\n\t\t\t\t\t\t<\/div>\n\t\t\t\t<\/div>\n\t\t\t\t<\/div>\n\t\t\t\t<\/div>\n\t\t\t\t<section class=\"elementor-section elementor-top-section elementor-element elementor-element-bmfvxvw elementor-hidden-phone elementor-section-boxed elementor-section-height-default elementor-section-height-default\" data-id=\"bmfvxvw\" data-element_type=\"section\" data-e-type=\"section\" data-settings=\"{&quot;background_background&quot;:&quot;classic&quot;,&quot;_ha_eqh_enable&quot;:false}\">\n\t\t\t\t\t\t<div class=\"elementor-container elementor-column-gap-default\">\n\t\t\t\t\t<div class=\"elementor-column elementor-col-50 elementor-top-column elementor-element elementor-element-suo2d7q\" data-id=\"suo2d7q\" data-element_type=\"column\" data-e-type=\"column\">\n\t\t\t<div class=\"elementor-widget-wrap\">\n\t\t\t\t\t\t\t<\/div>\n\t\t<\/div>\n\t\t\t\t<div class=\"elementor-column elementor-col-50 elementor-top-column elementor-element elementor-element-gg412zh\" data-id=\"gg412zh\" data-element_type=\"column\" data-e-type=\"column\">\n\t\t\t<div class=\"elementor-widget-wrap\">\n\t\t\t\t\t\t\t<\/div>\n\t\t<\/div>\n\t\t\t\t\t<\/div>\n\t\t<\/section>\n\t\t\t\t<\/div>\n\t\t","protected":false},"excerpt":{"rendered":"<p>95 Hoteles BOGOT\u00c1 Con\u00f3celos 30 Hoteles CUNDINAMARCA Con\u00f3celos<\/p>\n","protected":false},"author":1,"featured_media":0,"parent":0,"menu_order":0,"comment_status":"closed","ping_status":"closed","template":"","meta":{"ocean_post_layout":"full-screen","ocean_both_sidebars_style":"","ocean_both_sidebars_content_width":0,"ocean_both_sidebars_sidebars_width":0,"ocean_sidebar":"","ocean_second_sidebar":"","ocean_disable_margins":"on","ocean_add_body_class":"","ocean_shortcode_before_top_bar":"","ocean_shortcode_after_top_bar":"","ocean_shortcode_before_header":"","ocean_shortcode_after_header":"","ocean_has_shortcode":"","ocean_shortcode_after_title":"","ocean_shortcode_before_footer_widgets":"","ocean_shortcode_after_footer_widgets":"","ocean_shortcode_before_footer_bottom":"","ocean_shortcode_after_footer_bottom":"","ocean_display_top_bar":"default","ocean_display_header":"default","ocean_header_style":"","ocean_center_header_left_menu":"","ocean_custom_header_template":"","ocean_custom_logo":0,"ocean_custom_retina_logo":0,"ocean_custom_logo_max_width":0,"ocean_custom_logo_tablet_max_width":0,"ocean_custom_logo_mobile_max_width":0,"ocean_custom_logo_max_height":0,"ocean_custom_logo_tablet_max_height":0,"ocean_custom_logo_mobile_max_height":0,"ocean_header_custom_menu":"","ocean_menu_typo_font_family":"","ocean_menu_typo_font_subset":"","ocean_menu_typo_font_size":0,"ocean_menu_typo_font_size_tablet":0,"ocean_menu_typo_font_size_mobile":0,"ocean_menu_typo_font_size_unit":"px","ocean_menu_typo_font_weight":"","ocean_menu_typo_font_weight_tablet":"","ocean_menu_typo_font_weight_mobile":"","ocean_menu_typo_transform":"","ocean_menu_typo_transform_tablet":"","ocean_menu_typo_transform_mobile":"","ocean_menu_typo_line_height":0,"ocean_menu_typo_line_height_tablet":0,"ocean_menu_typo_line_height_mobile":0,"ocean_menu_typo_line_height_unit":"","ocean_menu_typo_spacing":0,"ocean_menu_typo_spacing_tablet":0,"ocean_menu_typo_spacing_mobile":0,"ocean_menu_typo_spacing_unit":"","ocean_menu_link_color":"","ocean_menu_link_color_hover":"","ocean_menu_link_color_active":"","ocean_menu_link_background":"","ocean_menu_link_hover_background":"","ocean_menu_link_active_background":"","ocean_menu_social_links_bg":"","ocean_menu_social_hover_links_bg":"","ocean_menu_social_links_color":"","ocean_menu_social_hover_links_color":"","ocean_disable_title":"on","ocean_disable_heading":"default","ocean_post_title":"","ocean_post_subheading":"","ocean_post_title_style":"","ocean_post_title_background_color":"","ocean_post_title_background":0,"ocean_post_title_bg_image_position":"","ocean_post_title_bg_image_attachment":"","ocean_post_title_bg_image_repeat":"","ocean_post_title_bg_image_size":"","ocean_post_title_height":0,"ocean_post_title_bg_overlay":0.5,"ocean_post_title_bg_overlay_color":"","ocean_disable_breadcrumbs":"default","ocean_breadcrumbs_color":"","ocean_breadcrumbs_separator_color":"","ocean_breadcrumbs_links_color":"","ocean_breadcrumbs_links_hover_color":"","ocean_display_footer_widgets":"default","ocean_display_footer_bottom":"default","ocean_custom_footer_template":"","footnotes":""},"class_list":["post-396","page","type-page","status-publish","hentry","entry","owp-thumbs-layout-vertical","owp-btn-normal","owp-tabs-layout-section","has-no-thumbnails"],"_links":{"self":[{"href":"https:\/\/cotelcobogota.com\/alojate-bogota-cundinamarca\/wp-json\/wp\/v2\/pages\/396","targetHints":{"allow":["GET"]}}],"collection":[{"href":"https:\/\/cotelcobogota.com\/alojate-bogota-cundinamarca\/wp-json\/wp\/v2\/pages"}],"about":[{"href":"https:\/\/cotelcobogota.com\/alojate-bogota-cundinamarca\/wp-json\/wp\/v2\/types\/page"}],"author":[{"embeddable":true,"href":"https:\/\/cotelcobogota.com\/alojate-bogota-cundinamarca\/wp-json\/wp\/v2\/users\/1"}],"replies":[{"embeddable":true,"href":"https:\/\/cotelcobogota.com\/alojate-bogota-cundinamarca\/wp-json\/wp\/v2\/comments?post=396"}],"version-history":[{"count":75,"href":"https:\/\/cotelcobogota.com\/alojate-bogota-cundinamarca\/wp-json\/wp\/v2\/pages\/396\/revisions"}],"predecessor-version":[{"id":12832,"href":"https:\/\/cotelcobogota.com\/alojate-bogota-cundinamarca\/wp-json\/wp\/v2\/pages\/396\/revisions\/12832"}],"wp:attachment":[{"href":"https:\/\/cotelcobogota.com\/alojate-bogota-cundinamarca\/wp-json\/wp\/v2\/media?parent=396"}],"curies":[{"name":"wp","href":"https:\/\/api.w.org\/{rel}","templated":true}]}}